{"id":68,"date":"2024-04-21T05:58:49","date_gmt":"2024-04-21T05:58:49","guid":{"rendered":"https:\/\/countryhakkinen.fi\/?page_id=68"},"modified":"2024-04-21T08:19:05","modified_gmt":"2024-04-21T08:19:05","slug":"tuulilasin-korjauspalvelut","status":"publish","type":"page","link":"https:\/\/countryhakkinen.fi\/index.php\/tuulilasin-korjauspalvelut\/","title":{"rendered":"Tuulilasin korjauspalvelut"},"content":{"rendered":"\n<div class=\"wp-block-columns is-layout-flex wp-container-core-columns-is-layout-28f84493 wp-block-columns-is-layout-flex\">\n<div class=\"wp-block-column is-layout-flow wp-block-column-is-layout-flow\">\n<p>Turvallisuus on etusijalla, kun puhutaan kiveniskem\u00e4n korjauksesta. Jopa v\u00e4h\u00e4inen tuulilasin vaurio voi alentaa lasin lujuutta ja lis\u00e4t\u00e4 matkustajien altistumista potentiaalisille vaaroille liikenteess\u00e4. T\u00e4st\u00e4 syyst\u00e4 suositamme korjaamaan kiveniskem\u00e4t heti niiden havaitsemisen j\u00e4lkeen.<\/p>\n\n\n\n<p>Kun tuulilasissasi ilmenee s\u00e4r\u00f6 tai kiveniskem\u00e4, meid\u00e4n ammattitaitoiset asentajamme ovat valmiina auttamaan. Tarjoamme nopeaa ja luotettavaa palvelua, jotta p\u00e4\u00e4set jatkamaan matkaasi turvallisesti ja huolettomasti.<\/p>\n\n\n\n<p>Enimmill\u00e4\u00e4n kolikon kokoiset iskem\u00e4t kannattaa korjauttaa. Kiveniskem\u00e4 on hyv\u00e4 suojata mill\u00e4 tahansa teipinpalalla heti kolhun j\u00e4lkeen, niin ettei lika p\u00e4\u00e4se halkeamiin ja huononna siten korjauksen lopputulosta.<\/p>\n\n\n\n<p><\/p>\n\n\n\n<div class=\"wp-block-buttons is-layout-flex wp-block-buttons-is-layout-flex\">\n<div class=\"wp-block-button\"><a class=\"wp-block-button__link has-background wp-element-button\" href=\"https:\/\/countryhakkinen.fi\/\" style=\"background-color:#e15404\">Takaisin etusivulle<\/a><\/div>\n<\/div>\n<\/div>\n\n\n\n<div class=\"wp-block-column is-layout-flow wp-block-column-is-layout-flow\">\n<figure class=\"wp-block-video\"><video height=\"1080\" style=\"aspect-ratio: 2048 \/ 1080;\" width=\"2048\" autoplay muted src=\"https:\/\/countryhakkinen.fi\/wp-content\/uploads\/2024\/04\/AdobeStock_261262784.mov\"><\/video><\/figure>\n<\/div>\n<\/div>\n","protected":false},"excerpt":{"rendered":"<p>Turvallisuus on etusijalla, kun puhutaan kiveniskem\u00e4n korjauksesta. Jopa v\u00e4h\u00e4inen tuulilasin vaurio voi alentaa lasin lujuutta ja lis\u00e4t\u00e4 matkustajien altistumista potentiaalisille [&hellip;]<\/p>\n","protected":false},"author":1,"featured_media":0,"parent":0,"menu_order":0,"comment_status":"closed","ping_status":"closed","template":"","meta":{"site-sidebar-layout":"default","site-content-layout":"","ast-site-content-layout":"","site-content-style":"default","site-sidebar-style":"default","ast-global-header-display":"","ast-banner-title-visibility":"","ast-main-header-display":"","ast-hfb-above-header-display":"","ast-hfb-below-header-display":"","ast-hfb-mobile-header-display":"","site-post-title":"","ast-breadcrumbs-content":"","ast-featured-img":"","footer-sml-layout":"","theme-transparent-header-meta":"","adv-header-id-meta":"","stick-header-meta":"","header-above-stick-meta":"","header-main-stick-meta":"","header-below-stick-meta":"","astra-migrate-meta-layouts":"default","ast-page-background-enabled":"default","ast-page-background-meta":{"desktop":{"background-color":"var(--ast-global-color-4)","background-image":"","background-repeat":"repeat","background-position":"center center","background-size":"auto","background-attachment":"scroll","background-type":"","background-media":"","overlay-type":"","overlay-color":"","overlay-opacity":"","overlay-gradient":""},"tablet":{"background-color":"","background-image":"","background-repeat":"repeat","background-position":"center center","background-size":"auto","background-attachment":"scroll","background-type":"","background-media":"","overlay-type":"","overlay-color":"","overlay-opacity":"","overlay-gradient":""},"mobile":{"background-color":"","background-image":"","background-repeat":"repeat","background-position":"center center","background-size":"auto","background-attachment":"scroll","background-type":"","background-media":"","overlay-type":"","overlay-color":"","overlay-opacity":"","overlay-gradient":""}},"ast-content-background-meta":{"desktop":{"background-color":"var(--ast-global-color-5)","background-image":"","background-repeat":"repeat","background-position":"center center","background-size":"auto","background-attachment":"scroll","background-type":"","background-media":"","overlay-type":"","overlay-color":"","overlay-opacity":"","overlay-gradient":""},"tablet":{"background-color":"var(--ast-global-color-5)","background-image":"","background-repeat":"repeat","background-position":"center center","background-size":"auto","background-attachment":"scroll","background-type":"","background-media":"","overlay-type":"","overlay-color":"","overlay-opacity":"","overlay-gradient":""},"mobile":{"background-color":"var(--ast-global-color-5)","background-image":"","background-repeat":"repeat","background-position":"center center","background-size":"auto","background-attachment":"scroll","background-type":"","background-media":"","overlay-type":"","overlay-color":"","overlay-opacity":"","overlay-gradient":""}},"footnotes":""},"class_list":["post-68","page","type-page","status-publish","hentry"],"_links":{"self":[{"href":"https:\/\/countryhakkinen.fi\/index.php\/wp-json\/wp\/v2\/pages\/68","targetHints":{"allow":["GET"]}}],"collection":[{"href":"https:\/\/countryhakkinen.fi\/index.php\/wp-json\/wp\/v2\/pages"}],"about":[{"href":"https:\/\/countryhakkinen.fi\/index.php\/wp-json\/wp\/v2\/types\/page"}],"author":[{"embeddable":true,"href":"https:\/\/countryhakkinen.fi\/index.php\/wp-json\/wp\/v2\/users\/1"}],"replies":[{"embeddable":true,"href":"https:\/\/countryhakkinen.fi\/index.php\/wp-json\/wp\/v2\/comments?post=68"}],"version-history":[{"count":8,"href":"https:\/\/countryhakkinen.fi\/index.php\/wp-json\/wp\/v2\/pages\/68\/revisions"}],"predecessor-version":[{"id":91,"href":"https:\/\/countryhakkinen.fi\/index.php\/wp-json\/wp\/v2\/pages\/68\/revisions\/91"}],"wp:attachment":[{"href":"https:\/\/countryhakkinen.fi\/index.php\/wp-json\/wp\/v2\/media?parent=68"}],"curies":[{"name":"wp","href":"https:\/\/api.w.org\/{rel}","templated":true}]}}