{"id":7,"date":"2024-04-20T04:26:55","date_gmt":"2024-04-20T04:26:55","guid":{"rendered":"https:\/\/countryhakkinen.fi\/?page_id=7"},"modified":"2024-04-21T07:17:07","modified_gmt":"2024-04-21T07:17:07","slug":"aloitus","status":"publish","type":"page","link":"https:\/\/countryhakkinen.fi\/","title":{"rendered":"Aloitus"},"content":{"rendered":"\n<div class=\"wp-block-cover alignfull\" style=\"min-height:720px;aspect-ratio:unset;\"><span aria-hidden=\"true\" class=\"wp-block-cover__background has-background-dim-100 has-background-dim has-background-gradient\" style=\"background:linear-gradient(135deg,rgb(252,198,0) 0%,rgb(195,81,0) 100%)\"><\/span><div class=\"wp-block-cover__inner-container is-layout-flow wp-block-cover-is-layout-flow\">\n<div class=\"inherit-container-width wp-block-group alignwide is-layout-constrained wp-block-group-is-layout-constrained\">\n<div class=\"wp-block-media-text alignwide has-media-on-the-right is-stacked-on-mobile is-vertically-aligned-center\" style=\"grid-template-columns:auto 43%\"><div class=\"wp-block-media-text__content\">\n<h1 class=\"wp-block-heading has-text-align-left has-white-color has-text-color\">Maansiirto ja kunnossapitoty\u00f6t vuosikymmenien kokemuksella<\/h1>\n\n\n\n<p>Countryh\u00e4kkinen on luotettava kumppani konet\u00f6iss\u00e4 Keski-Suomessa. Ota yhteytt\u00e4 ja kerro meille tarpeistasi, niin laadimme sinulle kilpailukykyisen tarjouksen.<\/p>\n\n\n\n<div class=\"wp-block-buttons is-layout-flex wp-block-buttons-is-layout-flex\">\n<div class=\"wp-block-button\"><a class=\"wp-block-button__link has-background wp-element-button\" href=\"#contact\" style=\"background-color:#e15404\">Ota yhteytt\u00e4!<\/a><\/div>\n<\/div>\n<\/div><figure class=\"wp-block-media-text__media\"><img loading=\"lazy\" decoding=\"async\" width=\"1024\" height=\"1024\" src=\"https:\/\/countryhakkinen.fi\/wp-content\/uploads\/2024\/04\/Kaivinkone2.png\" alt=\"\" class=\"wp-image-58 size-full\" srcset=\"https:\/\/countryhakkinen.fi\/wp-content\/uploads\/2024\/04\/Kaivinkone2.png 1024w, https:\/\/countryhakkinen.fi\/wp-content\/uploads\/2024\/04\/Kaivinkone2-300x300.png 300w, https:\/\/countryhakkinen.fi\/wp-content\/uploads\/2024\/04\/Kaivinkone2-150x150.png 150w, https:\/\/countryhakkinen.fi\/wp-content\/uploads\/2024\/04\/Kaivinkone2-768x768.png 768w\" sizes=\"auto, (max-width: 1024px) 100vw, 1024px\" \/><\/figure><\/div>\n<\/div>\n<\/div><\/div>\n\n\n\n<figure class=\"wp-block-image alignfull size-large\"><img loading=\"lazy\" decoding=\"async\" width=\"1024\" height=\"334\" src=\"https:\/\/countryhakkinen.fi\/wp-content\/uploads\/2024\/04\/WhatsApp-Image-2024-04-19-at-16.44.50-e1713628569786-1024x334.jpeg\" alt=\"\" class=\"wp-image-50\" srcset=\"https:\/\/countryhakkinen.fi\/wp-content\/uploads\/2024\/04\/WhatsApp-Image-2024-04-19-at-16.44.50-e1713628569786-1024x334.jpeg 1024w, https:\/\/countryhakkinen.fi\/wp-content\/uploads\/2024\/04\/WhatsApp-Image-2024-04-19-at-16.44.50-e1713628569786-300x98.jpeg 300w, https:\/\/countryhakkinen.fi\/wp-content\/uploads\/2024\/04\/WhatsApp-Image-2024-04-19-at-16.44.50-e1713628569786-768x251.jpeg 768w, https:\/\/countryhakkinen.fi\/wp-content\/uploads\/2024\/04\/WhatsApp-Image-2024-04-19-at-16.44.50-e1713628569786-1536x502.jpeg 1536w, https:\/\/countryhakkinen.fi\/wp-content\/uploads\/2024\/04\/WhatsApp-Image-2024-04-19-at-16.44.50-e1713628569786.jpeg 1920w\" sizes=\"auto, (max-width: 1024px) 100vw, 1024px\" \/><\/figure>\n\n\n\n<div class=\"wp-block-group alignfull is-layout-constrained wp-container-core-group-is-layout-0f076796 wp-block-group-is-layout-constrained\" id=\"services\" style=\"padding-top:20px;padding-bottom:96px\">\n<h2 class=\"wp-block-heading\">Konety\u00f6palvelut Keski-Suomessa<\/h2>\n\n\n\n<div class=\"wp-block-columns is-layout-flex wp-container-core-columns-is-layout-60cbf9bb wp-block-columns-is-layout-flex\" style=\"margin-top:50px\">\n<div class=\"wp-block-column is-layout-flow wp-container-core-column-is-layout-6b73ce23 wp-block-column-is-layout-flow\">\n<figure class=\"wp-block-image size-full\"><img loading=\"lazy\" decoding=\"async\" width=\"1029\" height=\"2048\" src=\"https:\/\/countryhakkinen.fi\/wp-content\/uploads\/2024\/04\/WhatsApp-Image-2024-04-19-at-16.44.53-3.jpeg\" alt=\"\" class=\"wp-image-32\" style=\"aspect-ratio:3\/4;object-fit:cover\" srcset=\"https:\/\/countryhakkinen.fi\/wp-content\/uploads\/2024\/04\/WhatsApp-Image-2024-04-19-at-16.44.53-3.jpeg 1029w, https:\/\/countryhakkinen.fi\/wp-content\/uploads\/2024\/04\/WhatsApp-Image-2024-04-19-at-16.44.53-3-151x300.jpeg 151w, https:\/\/countryhakkinen.fi\/wp-content\/uploads\/2024\/04\/WhatsApp-Image-2024-04-19-at-16.44.53-3-515x1024.jpeg 515w, https:\/\/countryhakkinen.fi\/wp-content\/uploads\/2024\/04\/WhatsApp-Image-2024-04-19-at-16.44.53-3-768x1529.jpeg 768w, https:\/\/countryhakkinen.fi\/wp-content\/uploads\/2024\/04\/WhatsApp-Image-2024-04-19-at-16.44.53-3-772x1536.jpeg 772w\" sizes=\"auto, (max-width: 1029px) 100vw, 1029px\" \/><\/figure>\n\n\n\n<h3 class=\"wp-block-heading\" style=\"margin-top:16px\">Maansiirtoty\u00f6t<\/h3>\n\n\n\n<p>Meill\u00e4 on kolmen vuosikymmenen kokemus maanrakentamisen eri t\u00f6ist\u00e4, mik\u00e4 tuo varmuutta ja osaamista tekemiseen oli kyse sitten pienist\u00e4 tai isoista projekteista.<\/p>\n<\/div>\n\n\n\n<div class=\"wp-block-column is-layout-flow wp-container-core-column-is-layout-6b73ce23 wp-block-column-is-layout-flow\">\n<figure class=\"wp-block-image size-full\"><img loading=\"lazy\" decoding=\"async\" width=\"1029\" height=\"2048\" src=\"https:\/\/countryhakkinen.fi\/wp-content\/uploads\/2024\/04\/WhatsApp-Image-2024-04-19-at-16.44.54-2.jpeg\" alt=\"\" class=\"wp-image-33\" style=\"aspect-ratio:3\/4;object-fit:cover\" srcset=\"https:\/\/countryhakkinen.fi\/wp-content\/uploads\/2024\/04\/WhatsApp-Image-2024-04-19-at-16.44.54-2.jpeg 1029w, https:\/\/countryhakkinen.fi\/wp-content\/uploads\/2024\/04\/WhatsApp-Image-2024-04-19-at-16.44.54-2-151x300.jpeg 151w, https:\/\/countryhakkinen.fi\/wp-content\/uploads\/2024\/04\/WhatsApp-Image-2024-04-19-at-16.44.54-2-515x1024.jpeg 515w, https:\/\/countryhakkinen.fi\/wp-content\/uploads\/2024\/04\/WhatsApp-Image-2024-04-19-at-16.44.54-2-768x1529.jpeg 768w, https:\/\/countryhakkinen.fi\/wp-content\/uploads\/2024\/04\/WhatsApp-Image-2024-04-19-at-16.44.54-2-772x1536.jpeg 772w\" sizes=\"auto, (max-width: 1029px) 100vw, 1029px\" \/><\/figure>\n\n\n\n<h3 class=\"wp-block-heading\" style=\"margin-top:16px\">Kunnossapitoty\u00f6t<\/h3>\n\n\n\n<p>Teemme talvisin kiinteist\u00f6jen, tehdasalueiden ja ulkoilualueiden kunnossapitot\u00f6it\u00e4.<\/p>\n<\/div>\n\n\n\n<div class=\"wp-block-column is-layout-flow wp-container-core-column-is-layout-6b73ce23 wp-block-column-is-layout-flow\">\n<figure class=\"wp-block-image size-full\"><img loading=\"lazy\" decoding=\"async\" width=\"1029\" height=\"2048\" src=\"https:\/\/countryhakkinen.fi\/wp-content\/uploads\/2024\/04\/WhatsApp-Image-2024-04-19-at-16.44.53-1.jpeg\" alt=\"\" class=\"wp-image-34\" style=\"aspect-ratio:3\/4;object-fit:cover\" srcset=\"https:\/\/countryhakkinen.fi\/wp-content\/uploads\/2024\/04\/WhatsApp-Image-2024-04-19-at-16.44.53-1.jpeg 1029w, https:\/\/countryhakkinen.fi\/wp-content\/uploads\/2024\/04\/WhatsApp-Image-2024-04-19-at-16.44.53-1-151x300.jpeg 151w, https:\/\/countryhakkinen.fi\/wp-content\/uploads\/2024\/04\/WhatsApp-Image-2024-04-19-at-16.44.53-1-515x1024.jpeg 515w, https:\/\/countryhakkinen.fi\/wp-content\/uploads\/2024\/04\/WhatsApp-Image-2024-04-19-at-16.44.53-1-768x1529.jpeg 768w, https:\/\/countryhakkinen.fi\/wp-content\/uploads\/2024\/04\/WhatsApp-Image-2024-04-19-at-16.44.53-1-772x1536.jpeg 772w\" sizes=\"auto, (max-width: 1029px) 100vw, 1029px\" \/><\/figure>\n\n\n\n<h3 class=\"wp-block-heading\" style=\"margin-top:16px\">Rakennuksien pohjaty\u00f6t<\/h3>\n\n\n\n<p>Lasermittalaitteiston avulla kiinteist\u00f6jen rakennuspaikoista saadaan t\u00e4sm\u00e4lleen oikean tasoisia ja muotoisia, mik\u00e4 mahdollistaa vaivattoman rakentamisen.<\/p>\n<\/div>\n<\/div>\n<\/div>\n\n\n\n<div class=\"wp-block-group alignfull has-ast-global-color-5-background-color has-background is-layout-constrained wp-container-core-group-is-layout-1fdf34cd wp-block-group-is-layout-constrained\" id=\"muut\" style=\"padding-top:39px;padding-bottom:90px\">\n<div class=\"wp-block-media-text has-media-on-the-right is-stacked-on-mobile is-vertically-aligned-center\"><div class=\"wp-block-media-text__content\">\n<div class=\"inherit-container-width wp-block-group is-layout-constrained wp-container-core-group-is-layout-47ce07ec wp-block-group-is-layout-constrained\" style=\"padding-right:80px\">\n<h2 class=\"wp-block-heading\" style=\"padding-right:40px\">Me korjaamme tuulilasisi<\/h2>\n\n\n\n<p>Aina lasia ei kannata vaihtaa uuteen. Pienet kiveniskem\u00e4t kannattaa korjata, mik\u00e4li lasi on muuten hyv\u00e4kuntoinen, siin\u00e4 s\u00e4\u00e4stet\u00e4\u00e4n rahaa ja luontoa. Korjaamme niin auton kuin ty\u00f6koneidenkin lasit.<\/p>\n\n\n\n<p>Kiven tai nastan kolahtaessa kannattaa kolhukohta suojata ensih\u00e4t\u00e4\u00e4n pienell\u00e4 palalla teippi\u00e4, niin ettei halkeamaan p\u00e4\u00e4se lika. Sen j\u00e4lkeen soita meille ja varaa aika lasin korjaukselle.<\/p>\n\n\n\n<div class=\"wp-block-buttons is-layout-flex wp-block-buttons-is-layout-flex\">\n<div class=\"wp-block-button\"><a class=\"wp-block-button__link has-background wp-element-button\" href=\"https:\/\/countryhakkinen.fi\/index.php\/tuulilasin-korjauspalvelut\/\" style=\"background-color:#e15404\">Lue lis\u00e4\u00e4<\/a><\/div>\n<\/div>\n\n\n\n<p><\/p>\n<\/div>\n<\/div><figure class=\"wp-block-media-text__media\"><img loading=\"lazy\" decoding=\"async\" width=\"1024\" height=\"1024\" src=\"https:\/\/countryhakkinen.fi\/wp-content\/uploads\/2024\/04\/tuulilasi.jpeg\" alt=\"\" class=\"wp-image-53 size-full\" srcset=\"https:\/\/countryhakkinen.fi\/wp-content\/uploads\/2024\/04\/tuulilasi.jpeg 1024w, https:\/\/countryhakkinen.fi\/wp-content\/uploads\/2024\/04\/tuulilasi-300x300.jpeg 300w, https:\/\/countryhakkinen.fi\/wp-content\/uploads\/2024\/04\/tuulilasi-150x150.jpeg 150w, https:\/\/countryhakkinen.fi\/wp-content\/uploads\/2024\/04\/tuulilasi-768x768.jpeg 768w\" sizes=\"auto, (max-width: 1024px) 100vw, 1024px\" \/><\/figure><\/div>\n<\/div>\n\n\n\n<div class=\"wp-block-group alignfull is-layout-constrained wp-container-core-group-is-layout-121984a5 wp-block-group-is-layout-constrained\" id=\"whyus\" style=\"padding-top:53px;padding-bottom:53px\">\n<h2 class=\"wp-block-heading\">Miksi tilata konety\u00f6t meilt\u00e4? <\/h2>\n\n\n\n<div class=\"wp-block-columns is-layout-flex wp-container-core-columns-is-layout-29aadeec wp-block-columns-is-layout-flex\" style=\"margin-top:60px\">\n<div class=\"wp-block-column is-layout-flow wp-container-core-column-is-layout-6b73ce23 wp-block-column-is-layout-flow\">\n<h3 class=\"wp-block-heading\" style=\"margin-top:16px\">Pitk\u00e4 kokemus<\/h3>\n\n\n\n<p>Olemme tehneet erilaisia konet\u00f6it\u00e4 jo vuosikymmenien ajan ja ratkoneet visaisiakin ongelmia laidasta laitaan.<\/p>\n<\/div>\n\n\n\n<div class=\"wp-block-column is-layout-flow wp-container-core-column-is-layout-6b73ce23 wp-block-column-is-layout-flow\">\n<h3 class=\"wp-block-heading\" style=\"margin-top:16px\">Nykyaikainen konekanta<\/h3>\n\n\n\n<p>Oikea kone oikeaan ty\u00f6h\u00f6n, se takaa kustannustehokkuuden ja hyv\u00e4n ty\u00f6j\u00e4ljen.<\/p>\n<\/div>\n\n\n\n<div class=\"wp-block-column is-layout-flow wp-container-core-column-is-layout-6b73ce23 wp-block-column-is-layout-flow\">\n<h3 class=\"wp-block-heading\" style=\"margin-top:16px\">Pit\u00e4v\u00e4t aikataulut<\/h3>\n\n\n\n<p>Pit\u00e4v\u00e4t aikataulut ovat projektin tai tuotannon kulmakivi. Ymm\u00e4rr\u00e4mme sen t\u00e4rkeyden ja pid\u00e4mme sovitusta kiinni.<\/p>\n<\/div>\n<\/div>\n<\/div>\n\n\n\n<div class=\"wp-block-group alignfull has-background is-layout-constrained wp-container-core-group-is-layout-cfcca693 wp-block-group-is-layout-constrained\" id=\"contact\" style=\"background:linear-gradient(135deg,rgb(252,185,0) 0%,rgb(200,83,0) 100%);padding-top:104px;padding-bottom:104px\">\n<h2 class=\"wp-block-heading has-text-align-center has-text-color\" style=\"color:#ffffff\">Soita 040 034 5849 Jukka H\u00e4kkinen<\/h2>\n\n\n\n<div class=\"wp-block-columns is-layout-flex wp-container-core-columns-is-layout-28f84493 wp-block-columns-is-layout-flex\">\n<div class=\"wp-block-column is-layout-flow wp-block-column-is-layout-flow\" style=\"flex-basis:100%\">\n<p><\/p>\n<\/div>\n<\/div>\n\n\n\n<div class=\"wp-block-columns is-layout-flex wp-container-core-columns-is-layout-28f84493 wp-block-columns-is-layout-flex\">\n<div class=\"wp-block-column is-layout-flow wp-block-column-is-layout-flow\">\n<p>Osoite:<br>Raikkolantie 45<br>41310 Laukaa<\/p>\n<\/div>\n\n\n\n<div class=\"wp-block-column is-layout-flow wp-block-column-is-layout-flow\">\n<p>jukka(a)countryhakkinen.fi<\/p>\n<\/div>\n<\/div>\n<\/div>\n\n\n\n<p><\/p>\n","protected":false},"excerpt":{"rendered":"<p>Konety\u00f6palvelut Keski-Suomessa Maansiirtoty\u00f6t Meill\u00e4 on kolmen vuosikymmenen kokemus maanrakentamisen eri t\u00f6ist\u00e4, mik\u00e4 tuo varmuutta ja osaamista tekemiseen oli kyse sitten [&hellip;]<\/p>\n","protected":false},"author":1,"featured_media":0,"parent":0,"menu_order":0,"comment_status":"closed","ping_status":"closed","template":"","meta":{"site-sidebar-layout":"no-sidebar","site-content-layout":"plain-container","ast-site-content-layout":"","site-content-style":"default","site-sidebar-style":"default","ast-global-header-display":"","ast-banner-title-visibility":"","ast-main-header-display":"","ast-hfb-above-header-display":"","ast-hfb-below-header-display":"","ast-hfb-mobile-header-display":"","site-post-title":"disabled","ast-breadcrumbs-content":"","ast-featured-img":"","footer-sml-layout":"","theme-transparent-header-meta":"enabled","adv-header-id-meta":"","stick-header-meta":"","header-above-stick-meta":"","header-main-stick-meta":"","header-below-stick-meta":"","astra-migrate-meta-layouts":"default","ast-page-background-enabled":"default","ast-page-background-meta":{"desktop":{"background-color":"var(--ast-global-color-4)","background-image":"","background-repeat":"repeat","background-position":"center center","background-size":"auto","background-attachment":"scroll","background-type":"","background-media":"","overlay-type":"","overlay-color":"","overlay-opacity":"","overlay-gradient":""},"tablet":{"background-color":"","background-image":"","background-repeat":"repeat","background-position":"center center","background-size":"auto","background-attachment":"scroll","background-type":"","background-media":"","overlay-type":"","overlay-color":"","overlay-opacity":"","overlay-gradient":""},"mobile":{"background-color":"","background-image":"","background-repeat":"repeat","background-position":"center center","background-size":"auto","background-attachment":"scroll","background-type":"","background-media":"","overlay-type":"","overlay-color":"","overlay-opacity":"","overlay-gradient":""}},"ast-content-background-meta":{"desktop":{"background-color":"var(--ast-global-color-5)","background-image":"","background-repeat":"repeat","background-position":"center center","background-size":"auto","background-attachment":"scroll","background-type":"","background-media":"","overlay-type":"","overlay-color":"","overlay-opacity":"","overlay-gradient":""},"tablet":{"background-color":"var(--ast-global-color-5)","background-image":"","background-repeat":"repeat","background-position":"center center","background-size":"auto","background-attachment":"scroll","background-type":"","background-media":"","overlay-type":"","overlay-color":"","overlay-opacity":"","overlay-gradient":""},"mobile":{"background-color":"var(--ast-global-color-5)","background-image":"","background-repeat":"repeat","background-position":"center center","background-size":"auto","background-attachment":"scroll","background-type":"","background-media":"","overlay-type":"","overlay-color":"","overlay-opacity":"","overlay-gradient":""}},"footnotes":""},"class_list":["post-7","page","type-page","status-publish","hentry"],"_links":{"self":[{"href":"https:\/\/countryhakkinen.fi\/index.php\/wp-json\/wp\/v2\/pages\/7","targetHints":{"allow":["GET"]}}],"collection":[{"href":"https:\/\/countryhakkinen.fi\/index.php\/wp-json\/wp\/v2\/pages"}],"about":[{"href":"https:\/\/countryhakkinen.fi\/index.php\/wp-json\/wp\/v2\/types\/page"}],"author":[{"embeddable":true,"href":"https:\/\/countryhakkinen.fi\/index.php\/wp-json\/wp\/v2\/users\/1"}],"replies":[{"embeddable":true,"href":"https:\/\/countryhakkinen.fi\/index.php\/wp-json\/wp\/v2\/comments?post=7"}],"version-history":[{"count":30,"href":"https:\/\/countryhakkinen.fi\/index.php\/wp-json\/wp\/v2\/pages\/7\/revisions"}],"predecessor-version":[{"id":90,"href":"https:\/\/countryhakkinen.fi\/index.php\/wp-json\/wp\/v2\/pages\/7\/revisions\/90"}],"wp:attachment":[{"href":"https:\/\/countryhakkinen.fi\/index.php\/wp-json\/wp\/v2\/media?parent=7"}],"curies":[{"name":"wp","href":"https:\/\/api.w.org\/{rel}","templated":true}]}}